{"id":2698,"date":"2024-11-19T23:55:57","date_gmt":"2024-11-19T21:55:57","guid":{"rendered":"https:\/\/vid.webzeer.com\/?page_id=2698"},"modified":"2025-07-30T14:07:54","modified_gmt":"2025-07-30T13:07:54","slug":"nagyker","status":"publish","type":"page","link":"https:\/\/drinkvid.me\/en\/nagyker\/","title":{"rendered":"Wholesale"},"content":{"rendered":"<h1>NAGYKER<\/h1>\n<h1><strong>VID<\/strong> <span style=\"font-weight: 100;\">keg<\/span><\/h1>\n<div>The world's first carbonated alcoholic beverage made with coffee and wine, with 5.7% alcohol and low caffeine content.<\/div>\n<p><img decoding=\"async\" src=\"\/wp-content\/uploads\/2024\/11\/KEGsm.webp\" alt=\"\"><\/p>\n<p>\n    <a href=\"mailto:info@drinkvid.me\">Contact<\/a>\n<\/p>\n<ul>\n<li>\n<p>        <img decoding=\"async\" src=\"\/wp-content\/uploads\/2024\/10\/01.svg\" alt=\"\"><\/p>\n<div>5.7% ABV<\/div>\n<\/li>\n<li>\n<p>        <img decoding=\"async\" src=\"\/wp-content\/uploads\/2024\/10\/02.svg\" alt=\"\"><\/p>\n<div>Low caffeine content<\/div>\n<\/li>\n<li>\n<p>        <img decoding=\"async\" src=\"\/wp-content\/uploads\/2024\/10\/03.svg\" alt=\"\"><\/p>\n<div>Made from natural ingredients<\/div>\n<\/li>\n<li>\n<p>        <img decoding=\"async\" src=\"\/wp-content\/uploads\/2024\/10\/04.svg\" alt=\"\"><\/p>\n<div>Vegan &amp; Gluten Free<\/div>\n<\/li>\n<\/ul>\n<ul>\n<li>\n<h3>Flavour<\/h3>\n<div>Its flavours are both sweet and sour with a silky bitter finish that gives the VID a refreshing character.<\/div>\n<\/li>\n<li>\n<h3>Manufacture<\/h3>\n<div>VID is made using ingredients from natural sources and is prepared under artisanal conditions, with careful attention to constant quality criteria. Our products are vegan and gluten-free!<\/div>\n<\/li>\n<li>\n<h3>Consumption<\/h3>\n<div>Drink it on its own, on draught or in a 0.33 small bottle for cocktails, with a delicious meal, at gatherings of friends, intimate occasions or just when you want something special!<\/div>\n<\/li>\n<\/ul>\n<ul>\n<li>\n<p>        <img decoding=\"async\" src=\"\/wp-content\/uploads\/2024\/10\/01.svg\" alt=\"\"><\/p>\n<div>6.2% ABV<\/div>\n<\/li>\n<li>\n<p>        <img decoding=\"async\" src=\"\/wp-content\/uploads\/2024\/10\/02.svg\" alt=\"\"><\/p>\n<div>Low caffeine content<\/div>\n<\/li>\n<li>\n<p>        <img decoding=\"async\" src=\"\/wp-content\/uploads\/2024\/10\/03.svg\" alt=\"\"><\/p>\n<div>Made from natural ingredients<\/div>\n<\/li>\n<li>\n<p>        <img decoding=\"async\" src=\"\/wp-content\/uploads\/2024\/10\/04.svg\" alt=\"\"><\/p>\n<div>Vegan &amp; Gluten Free<\/div>\n<\/li>\n<\/ul>\n<p><!--more--><br \/>\n<!-- {\"type\":\"layout\",\"children\":[{\"type\":\"section\",\"props\":{\"css\":\".el-section>div{\\n\\tbackground-position-y:200px;\\n}\",\"header_transparent\":false,\"image\":\"wp-content\\\/uploads\\\/2024\\\/11\\\/KEGsm.webp\",\"image_loading\":true,\"image_parallax_bgy\":\"110 0%\",\"image_position\":\"center-center\",\"image_width\":700,\"media_blend_mode\":\"overlay\",\"media_visibility\":\"m\",\"padding_remove_top\":true,\"style\":\"default\",\"title_breakpoint\":\"xl\",\"title_position\":\"top-left\",\"title_rotation\":\"left\",\"vertical_align\":\"middle\",\"width\":\"default\"},\"children\":[{\"type\":\"row\",\"props\":{\"margin_remove_top\":false},\"children\":[{\"type\":\"column\",\"props\":{\"image_position\":\"center-center\",\"position_sticky_breakpoint\":\"m\"},\"children\":[{\"type\":\"headline\",\"props\":{\"block_align\":\"center\",\"content\":\"NAGYKER\",\"css\":\".el-element{\\n  font-size: 175px;\\nbackground: rgb(84,84,84);\\nbackground: linear-gradient(90deg, rgba(84,84,84,0.2049194677871149) 15%, rgba(185,185,185,0.19371498599439774) 50%, rgba(82,82,82,0.20772058823529416) 85%);\\n  -webkit-background-clip: text;\\n  -webkit-text-fill-color: transparent;\\n    letter-spacing:10px;\\n}\",\"maxwidth\":\"xlarge\",\"position_top\":\"-180\",\"text_align\":\"center\",\"title_element\":\"h1\",\"visibility\":\"m\"}}]}]},{\"type\":\"row\",\"props\":{\"alignment\":\"center\",\"layout\":\"1-3,1-3,1-3\",\"margin\":\"remove-vertical\",\"margin_remove_top\":false,\"parallax\":false,\"row_gap\":\"large\"},\"children\":[{\"type\":\"column\",\"props\":{\"image_position\":\"center-center\",\"position_sticky_breakpoint\":\"m\",\"vertical_align\":\"middle\",\"width_medium\":\"1-3\"},\"children\":[{\"type\":\"headline\",\"props\":{\"content\":\"<strong>VID<\\\/strong> <span style=\\\"font-weight: 100;\\\">keg<\\\/span>\",\"text_align\":\"center\",\"title_element\":\"h1\",\"title_style\":\"heading-medium\"}},{\"type\":\"text\",\"props\":{\"column_breakpoint\":\"m\",\"content\":\"A vil\\u00e1g els\\u0151 k\\u00e1v\\u00e9 \\u00e9s bor felhaszn\\u00e1l\\u00e1s\\u00e1val k\\u00e9sz\\u00fclt sz\\u00e9nsavval d\\u00fas\\u00edtott alkoholos itala, mely 5,7 sz\\u00e1zal\\u00e9kos alkohollal \\u00e9s csek\\u00e9ly koffeintartalommal rendelkezik.\",\"margin\":\"default\",\"text_align\":\"center\"}},{\"type\":\"image\",\"props\":{\"image\":\"wp-content\\\/uploads\\\/2024\\\/11\\\/KEGsm.webp\",\"image_svg_color\":\"emphasis\",\"margin\":\"default\",\"visibility\":\"hidden-m\"}},{\"type\":\"button\",\"props\":{\"grid_column_gap\":\"small\",\"grid_row_gap\":\"small\",\"margin\":\"default\",\"text_align\":\"center\"},\"children\":[{\"type\":\"button_item\",\"props\":{\"button_style\":\"primary\",\"content\":\"Kapcsolat\",\"icon_align\":\"left\",\"link\":\"mailto:info@drinkvid.me\"}}]}]},{\"type\":\"column\",\"props\":{\"class\":\"uk-visible@m\",\"image_position\":\"center-center\",\"position_sticky_breakpoint\":\"m\",\"prevent_collapse\":false,\"vertical_align\":\"middle\",\"width_medium\":\"1-3\"}},{\"type\":\"column\",\"props\":{\"image_position\":\"center-center\",\"position_sticky_breakpoint\":\"m\",\"vertical_align\":\"middle\",\"width_default\":\"auto\",\"width_medium\":\"1-3\"},\"children\":[{\"type\":\"list\",\"props\":{\"column_breakpoint\":\"m\",\"image_align\":\"left\",\"image_svg_color\":\"emphasis\",\"image_vertical_align\":true,\"image_width\":\"45\",\"list_element\":\"ul\",\"list_horizontal_separator\":\", \",\"list_type\":\"vertical\",\"margin\":\"large\",\"show_image\":true,\"show_link\":true,\"visibility\":\"m\"},\"children\":[{\"type\":\"list_item\",\"props\":{\"content\":\"5.7% ABV\",\"icon\":\"\",\"image\":\"wp-content\\\/uploads\\\/2024\\\/10\\\/01.svg\"}},{\"type\":\"list_item\",\"props\":{\"content\":\"Csek\\u00e9ly koffeintartalom\",\"icon\":\"\",\"image\":\"wp-content\\\/uploads\\\/2024\\\/10\\\/02.svg\"}},{\"type\":\"list_item\",\"props\":{\"content\":\"Term\\u00e9szetes alapanyagokb\\u00f3l\",\"icon\":\"\",\"image\":\"wp-content\\\/uploads\\\/2024\\\/10\\\/03.svg\"}},{\"type\":\"list_item\",\"props\":{\"content\":\"Veg\\u00e1n &amp; Glut\\u00e9nmentes\",\"icon\":\"\",\"image\":\"wp-content\\\/uploads\\\/2024\\\/10\\\/04.svg\"}}]},{\"type\":\"switcher\",\"props\":{\"content_column_breakpoint\":\"m\",\"image_align\":\"top\",\"image_grid_breakpoint\":\"m\",\"image_grid_width\":\"1-2\",\"image_svg_color\":\"emphasis\",\"link_style\":\"default\",\"link_text\":\"Read more\",\"margin\":\"default\",\"margin_remove_bottom\":false,\"meta_align\":\"below-title\",\"meta_element\":\"div\",\"meta_style\":\"text-meta\",\"nav\":\"tab\",\"nav_align\":\"left\",\"nav_grid_breakpoint\":\"m\",\"nav_grid_width\":\"auto\",\"nav_position\":\"top\",\"show_content\":true,\"show_image\":true,\"show_label\":true,\"show_link\":true,\"show_meta\":true,\"show_thumbnail\":true,\"show_title\":false,\"switcher_animation\":\"fade\",\"switcher_height\":true,\"thumbnav_height\":\"75\",\"thumbnav_svg_color\":\"emphasis\",\"thumbnav_width\":\"100\",\"title_align\":\"top\",\"title_element\":\"h3\",\"title_grid_breakpoint\":\"m\",\"title_grid_width\":\"1-2\"},\"children\":[{\"type\":\"switcher_item\",\"props\":{\"content\":\"\\u00cdzvil\\u00e1g\\u00e1ban az \\u00e9des, savanyk\\u00e1s \\u00e9s a selymes keserny\\u00e9s lecseng\\u00e9s egyar\\u00e1nt megtal\\u00e1lhat\\u00f3, mely \\u00fcd\\u00edt\\u0151 jelleget k\\u00f6lcs\\u00f6n\\u00f6z a VIDnek.\",\"title\":\"\\u00cdzvil\\u00e1g\"}},{\"type\":\"switcher_item\",\"props\":{\"content\":\"A VID el\\u0151\\u00e1ll\\u00edt\\u00e1sa sor\\u00e1n term\\u00e9szetes forr\\u00e1sb\\u00f3l sz\\u00e1rmaz\\u00f3 alapanyagokat haszn\\u00e1lunk fel \\u00e9s italunkat manufaktur\\u00e1lis k\\u00f6r\\u00fclm\\u00e9nyek k\\u00f6z\\u00f6tt, gondos odafigyel\\u00e9ssel k\\u00e9sz\\u00edtj\\u00fck el az \\u00e1lland\\u00f3 min\\u0151s\\u00e9gi szempontok figyelembe v\\u00e9tel\\u00e9vel. Term\\u00e9k\\u00fcnk veg\\u00e1n \\u00e9s glut\\u00e9nmentes!\",\"title\":\"El\\u0151\\u00e1ll\\u00edt\\u00e1s\"}},{\"type\":\"switcher_item\",\"props\":{\"content\":\"Fogyaszd \\u00f6nmag\\u00e1ban, csapolt vagy 0,33-as kis\\u00fcveges verzi\\u00f3ban kokt\\u00e9lokhoz, egy finom \\u00e9tel mell\\u00e9, bar\\u00e1ti \\u00f6sszej\\u00f6veteleken, meghitt alkalmakkor vagy csak ha valami k\\u00fcl\\u00f6nlegesre v\\u00e1gysz!\",\"title\":\"Fogyaszt\\u00e1s\"}}]},{\"type\":\"list\",\"props\":{\"column_breakpoint\":\"m\",\"image_align\":\"left\",\"image_svg_color\":\"emphasis\",\"image_vertical_align\":true,\"image_width\":\"45\",\"list_element\":\"ul\",\"list_horizontal_separator\":\", \",\"list_type\":\"vertical\",\"margin\":\"default\",\"margin_remove_top\":true,\"show_image\":true,\"show_link\":true,\"visibility\":\"hidden-m\"},\"children\":[{\"type\":\"list_item\",\"props\":{\"content\":\"6.2% ABV\",\"icon\":\"\",\"image\":\"wp-content\\\/uploads\\\/2024\\\/10\\\/01.svg\"}},{\"type\":\"list_item\",\"props\":{\"content\":\"Csek\\u00e9ly koffeintartalom\",\"icon\":\"\",\"image\":\"wp-content\\\/uploads\\\/2024\\\/10\\\/02.svg\"}},{\"type\":\"list_item\",\"props\":{\"content\":\"Term\\u00e9szetes alapanyagokb\\u00f3l\",\"icon\":\"\",\"image\":\"wp-content\\\/uploads\\\/2024\\\/10\\\/03.svg\"}},{\"type\":\"list_item\",\"props\":{\"content\":\"Veg\\u00e1n &amp; Glut\\u00e9nmentes\",\"icon\":\"\",\"image\":\"wp-content\\\/uploads\\\/2024\\\/10\\\/04.svg\"}}]}]}]},{\"type\":\"row\",\"children\":[{\"type\":\"column\",\"props\":{\"image_position\":\"center-center\",\"position_sticky_breakpoint\":\"m\"}}]},{\"type\":\"row\",\"children\":[{\"type\":\"column\",\"props\":{\"image_position\":\"center-center\",\"position_sticky_breakpoint\":\"m\"},\"children\":[{\"type\":\"woo_notices\",\"props\":{\"margin\":\"xlarge\"}}]}]}]}],\"version\":\"4.4.12\"} --><\/p>","protected":false},"excerpt":{"rendered":"<p>NAGYKER VID keg A vil\u00e1g els\u0151 k\u00e1v\u00e9 \u00e9s bor felhaszn\u00e1l\u00e1s\u00e1val k\u00e9sz\u00fclt sz\u00e9nsavval d\u00fas\u00edtott alkoholos itala, mely 5,7 sz\u00e1zal\u00e9kos alkohollal \u00e9s csek\u00e9ly koffeintartalommal rendelkezik. Kapcsolat 5.7% ABV Csek\u00e9ly koffeintartalom Term\u00e9szetes alapanyagokb\u00f3l Veg\u00e1n &amp; Glut\u00e9nmentes \u00cdzvil\u00e1g \u00cdzvil\u00e1g\u00e1ban az \u00e9des, savanyk\u00e1s \u00e9s a selymes keserny\u00e9s lecseng\u00e9s egyar\u00e1nt megtal\u00e1lhat\u00f3, mely \u00fcd\u00edt\u0151 jelleget k\u00f6lcs\u00f6n\u00f6z a VIDnek. El\u0151\u00e1ll\u00edt\u00e1s A VID el\u0151\u00e1ll\u00edt\u00e1sa [&hellip;]<\/p>","protected":false},"author":3,"featured_media":0,"parent":0,"menu_order":0,"comment_status":"closed","ping_status":"closed","template":"","meta":{"_acf_changed":false,"footnotes":""},"class_list":["post-2698","page","type-page","status-publish","hentry"],"acf":[],"yoast_head":"<!-- This site is optimized with the Yoast SEO plugin v23.9 - https:\/\/yoast.com\/wordpress\/plugins\/seo\/ -->\n<title>Nagyker | VID<\/title>\n<meta name=\"description\" content=\"NAGYKER VID keg A vil\u00e1g els\u0151 k\u00e1v\u00e9 \u00e9s bor felhaszn\u00e1l\u00e1s\u00e1val k\u00e9sz\u00fclt sz\u00e9nsavval d\u00fas\u00edtott alkoholos itala, mely 5,7 sz\u00e1zal\u00e9kos alkohollal \u00e9s csek\u00e9ly\" \/>\n<meta name=\"robots\" content=\"index, follow, max-snippet:-1, max-image-preview:large, max-video-preview:-1\" \/>\n<link rel=\"canonical\" href=\"https:\/\/drinkvid.me\/en\/nagyker\/\" \/>\n<meta property=\"og:locale\" content=\"en_US\" \/>\n<meta property=\"og:type\" content=\"article\" \/>\n<meta property=\"og:title\" content=\"Nagyker | VID\" \/>\n<meta property=\"og:description\" content=\"NAGYKER VID keg A vil\u00e1g els\u0151 k\u00e1v\u00e9 \u00e9s bor felhaszn\u00e1l\u00e1s\u00e1val k\u00e9sz\u00fclt sz\u00e9nsavval d\u00fas\u00edtott alkoholos itala, mely 5,7 sz\u00e1zal\u00e9kos alkohollal \u00e9s csek\u00e9ly\" \/>\n<meta property=\"og:url\" content=\"https:\/\/drinkvid.me\/en\/nagyker\/\" \/>\n<meta property=\"og:site_name\" content=\"VID\" \/>\n<meta property=\"article:publisher\" content=\"https:\/\/www.facebook.com\/lifeisbetterVIDyou\/\" \/>\n<meta property=\"article:modified_time\" content=\"2025-07-30T13:07:54+00:00\" \/>\n<meta property=\"og:image\" content=\"https:\/\/drinkvid.me\/wp-content\/uploads\/2024\/10\/DSC08785-scaled.webp\" \/>\n\t<meta property=\"og:image:width\" content=\"1920\" \/>\n\t<meta property=\"og:image:height\" content=\"1280\" \/>\n\t<meta property=\"og:image:type\" content=\"image\/webp\" \/>\n<meta name=\"twitter:card\" content=\"summary_large_image\" \/>\n<script type=\"application\/ld+json\" class=\"yoast-schema-graph\">{\"@context\":\"https:\/\/schema.org\",\"@graph\":[{\"@type\":\"WebPage\",\"@id\":\"https:\/\/drinkvid.me\/nagyker\/\",\"url\":\"https:\/\/drinkvid.me\/nagyker\/\",\"name\":\"Nagyker | VID\",\"isPartOf\":{\"@id\":\"https:\/\/drinkvid.me\/#website\"},\"datePublished\":\"2024-11-19T21:55:57+00:00\",\"dateModified\":\"2025-07-30T13:07:54+00:00\",\"description\":\"NAGYKER VID keg A vil\u00e1g els\u0151 k\u00e1v\u00e9 \u00e9s bor felhaszn\u00e1l\u00e1s\u00e1val k\u00e9sz\u00fclt sz\u00e9nsavval d\u00fas\u00edtott alkoholos itala, mely 5,7 sz\u00e1zal\u00e9kos alkohollal \u00e9s csek\u00e9ly\",\"breadcrumb\":{\"@id\":\"https:\/\/drinkvid.me\/nagyker\/#breadcrumb\"},\"inLanguage\":\"en-US\",\"potentialAction\":[{\"@type\":\"ReadAction\",\"target\":[\"https:\/\/drinkvid.me\/nagyker\/\"]}]},{\"@type\":\"BreadcrumbList\",\"@id\":\"https:\/\/drinkvid.me\/nagyker\/#breadcrumb\",\"itemListElement\":[{\"@type\":\"ListItem\",\"position\":1,\"name\":\"Kezd\u0151lap\",\"item\":\"https:\/\/drinkvid.me\/\"},{\"@type\":\"ListItem\",\"position\":2,\"name\":\"Nagyker\"}]},{\"@type\":\"WebSite\",\"@id\":\"https:\/\/drinkvid.me\/#website\",\"url\":\"https:\/\/drinkvid.me\/\",\"name\":\"VID\",\"description\":\"A vil&aacute;g els\u0151 k&aacute;v&eacute; &eacute;s bor felhaszn&aacute;l&aacute;s&aacute;val k&eacute;sz&uuml;lt sz&eacute;nsavval d&uacute;s&iacute;tott itala.\",\"publisher\":{\"@id\":\"https:\/\/drinkvid.me\/#organization\"},\"potentialAction\":[{\"@type\":\"SearchAction\",\"target\":{\"@type\":\"EntryPoint\",\"urlTemplate\":\"https:\/\/drinkvid.me\/?s={search_term_string}\"},\"query-input\":{\"@type\":\"PropertyValueSpecification\",\"valueRequired\":true,\"valueName\":\"search_term_string\"}}],\"inLanguage\":\"en-US\"},{\"@type\":\"Organization\",\"@id\":\"https:\/\/drinkvid.me\/#organization\",\"name\":\"VID\",\"url\":\"https:\/\/drinkvid.me\/\",\"logo\":{\"@type\":\"ImageObject\",\"inLanguage\":\"en-US\",\"@id\":\"https:\/\/drinkvid.me\/#\/schema\/logo\/image\/\",\"url\":\"https:\/\/drinkvid.me\/wp-content\/uploads\/2024\/11\/vid-favicon.png\",\"contentUrl\":\"https:\/\/drinkvid.me\/wp-content\/uploads\/2024\/11\/vid-favicon.png\",\"width\":512,\"height\":512,\"caption\":\"VID\"},\"image\":{\"@id\":\"https:\/\/drinkvid.me\/#\/schema\/logo\/image\/\"},\"sameAs\":[\"https:\/\/www.facebook.com\/lifeisbetterVIDyou\/\",\"https:\/\/www.instagram.com\/vid_official_page\/\",\"https:\/\/www.tiktok.com\/@lifeisbettervidyou\"]}]}<\/script>\n<!-- \/ Yoast SEO plugin. -->","yoast_head_json":{"title":"Nagyker | VID","description":"NAGYKER VID keg A vil\u00e1g els\u0151 k\u00e1v\u00e9 \u00e9s bor felhaszn\u00e1l\u00e1s\u00e1val k\u00e9sz\u00fclt sz\u00e9nsavval d\u00fas\u00edtott alkoholos itala, mely 5,7 sz\u00e1zal\u00e9kos alkohollal \u00e9s csek\u00e9ly","robots":{"index":"index","follow":"follow","max-snippet":"max-snippet:-1","max-image-preview":"max-image-preview:large","max-video-preview":"max-video-preview:-1"},"canonical":"https:\/\/drinkvid.me\/en\/nagyker\/","og_locale":"en_US","og_type":"article","og_title":"Nagyker | VID","og_description":"NAGYKER VID keg A vil\u00e1g els\u0151 k\u00e1v\u00e9 \u00e9s bor felhaszn\u00e1l\u00e1s\u00e1val k\u00e9sz\u00fclt sz\u00e9nsavval d\u00fas\u00edtott alkoholos itala, mely 5,7 sz\u00e1zal\u00e9kos alkohollal \u00e9s csek\u00e9ly","og_url":"https:\/\/drinkvid.me\/en\/nagyker\/","og_site_name":"VID","article_publisher":"https:\/\/www.facebook.com\/lifeisbetterVIDyou\/","article_modified_time":"2025-07-30T13:07:54+00:00","og_image":[{"width":1920,"height":1280,"url":"https:\/\/drinkvid.me\/wp-content\/uploads\/2024\/10\/DSC08785-scaled.webp","type":"image\/webp"}],"twitter_card":"summary_large_image","schema":{"@context":"https:\/\/schema.org","@graph":[{"@type":"WebPage","@id":"https:\/\/drinkvid.me\/nagyker\/","url":"https:\/\/drinkvid.me\/nagyker\/","name":"Nagyker | VID","isPartOf":{"@id":"https:\/\/drinkvid.me\/#website"},"datePublished":"2024-11-19T21:55:57+00:00","dateModified":"2025-07-30T13:07:54+00:00","description":"NAGYKER VID keg A vil\u00e1g els\u0151 k\u00e1v\u00e9 \u00e9s bor felhaszn\u00e1l\u00e1s\u00e1val k\u00e9sz\u00fclt sz\u00e9nsavval d\u00fas\u00edtott alkoholos itala, mely 5,7 sz\u00e1zal\u00e9kos alkohollal \u00e9s csek\u00e9ly","breadcrumb":{"@id":"https:\/\/drinkvid.me\/nagyker\/#breadcrumb"},"inLanguage":"en-US","potentialAction":[{"@type":"ReadAction","target":["https:\/\/drinkvid.me\/nagyker\/"]}]},{"@type":"BreadcrumbList","@id":"https:\/\/drinkvid.me\/nagyker\/#breadcrumb","itemListElement":[{"@type":"ListItem","position":1,"name":"Kezd\u0151lap","item":"https:\/\/drinkvid.me\/"},{"@type":"ListItem","position":2,"name":"Nagyker"}]},{"@type":"WebSite","@id":"https:\/\/drinkvid.me\/#website","url":"https:\/\/drinkvid.me\/","name":"VID","description":"A vil&aacute;g els\u0151 k&aacute;v&eacute; &eacute;s bor felhaszn&aacute;l&aacute;s&aacute;val k&eacute;sz&uuml;lt sz&eacute;nsavval d&uacute;s&iacute;tott itala.","publisher":{"@id":"https:\/\/drinkvid.me\/#organization"},"potentialAction":[{"@type":"SearchAction","target":{"@type":"EntryPoint","urlTemplate":"https:\/\/drinkvid.me\/?s={search_term_string}"},"query-input":{"@type":"PropertyValueSpecification","valueRequired":true,"valueName":"search_term_string"}}],"inLanguage":"en-US"},{"@type":"Organization","@id":"https:\/\/drinkvid.me\/#organization","name":"VID","url":"https:\/\/drinkvid.me\/","logo":{"@type":"ImageObject","inLanguage":"en-US","@id":"https:\/\/drinkvid.me\/#\/schema\/logo\/image\/","url":"https:\/\/drinkvid.me\/wp-content\/uploads\/2024\/11\/vid-favicon.png","contentUrl":"https:\/\/drinkvid.me\/wp-content\/uploads\/2024\/11\/vid-favicon.png","width":512,"height":512,"caption":"VID"},"image":{"@id":"https:\/\/drinkvid.me\/#\/schema\/logo\/image\/"},"sameAs":["https:\/\/www.facebook.com\/lifeisbetterVIDyou\/","https:\/\/www.instagram.com\/vid_official_page\/","https:\/\/www.tiktok.com\/@lifeisbettervidyou"]}]}},"_links":{"self":[{"href":"https:\/\/drinkvid.me\/en\/wp-json\/wp\/v2\/pages\/2698","targetHints":{"allow":["GET"]}}],"collection":[{"href":"https:\/\/drinkvid.me\/en\/wp-json\/wp\/v2\/pages"}],"about":[{"href":"https:\/\/drinkvid.me\/en\/wp-json\/wp\/v2\/types\/page"}],"author":[{"embeddable":true,"href":"https:\/\/drinkvid.me\/en\/wp-json\/wp\/v2\/users\/3"}],"replies":[{"embeddable":true,"href":"https:\/\/drinkvid.me\/en\/wp-json\/wp\/v2\/comments?post=2698"}],"version-history":[{"count":9,"href":"https:\/\/drinkvid.me\/en\/wp-json\/wp\/v2\/pages\/2698\/revisions"}],"predecessor-version":[{"id":2920,"href":"https:\/\/drinkvid.me\/en\/wp-json\/wp\/v2\/pages\/2698\/revisions\/2920"}],"wp:attachment":[{"href":"https:\/\/drinkvid.me\/en\/wp-json\/wp\/v2\/media?parent=2698"}],"curies":[{"name":"wp","href":"https:\/\/api.w.org\/{rel}","templated":true}]}}