{"id":2832,"date":"2025-05-12T13:46:23","date_gmt":"2025-05-12T12:46:23","guid":{"rendered":"https:\/\/drinkvid.me\/?page_id=2832"},"modified":"2025-05-12T13:46:23","modified_gmt":"2025-05-12T12:46:23","slug":"aszff","status":"publish","type":"page","link":"https:\/\/drinkvid.me\/en\/aszff\/","title":{"rendered":"\u00c1SZF"},"content":{"rendered":"<p><strong>\u00c1ltal\u00e1nos Szerz\u0151d\u00e9si Felt\u00e9telek<\/strong><\/p><p><strong>1. Bevezet\u00e9s<\/strong><\/p><p>Jelen \u00c1ltal\u00e1nos Szerz\u0151d\u00e9si Felt\u00e9telek (a tov\u00e1bbiakban: \u00c1SZF) a DT Inception 2018 Kft. (sz\u00e9khely: 3397 Makl\u00e1r, Templom t\u00e9r 7., c\u00e9gjegyz\u00e9ksz\u00e1m: 10-09-040187, ad\u00f3sz\u00e1m: 32311945-2-10, k\u00f6z\u00f6ss\u00e9gi ad\u00f3sz\u00e1m: HU32311945, banksz\u00e1mlasz\u00e1m: 12033007-01912959-00100007) \u00e1ltal \u00fczemeltetett <strong>drinkvid.me<\/strong> web\u00e1ruh\u00e1z (a tov\u00e1bbiakban: Web\u00e1ruh\u00e1z) haszn\u00e1lat\u00e1ra, valamint az azon kereszt\u00fcl t\u00f6rt\u00e9n\u0151 v\u00e1s\u00e1rl\u00e1sokra vonatkoz\u00f3 felt\u00e9teleket tartalmazza.<\/p><p>Kapcsolattart\u00e1si e-mail: info@drinkvid.me<br>Telefonsz\u00e1m: +36 30 825 8305, +36 70 608 7193<\/p><p><strong>2. Megv\u00e1s\u00e1rolhat\u00f3 term\u00e9kek k\u00f6re<\/strong><\/p><p>A Web\u00e1ruh\u00e1zban el\u00e9rhet\u0151 term\u00e9kek egyed\u00fcl\u00e1ll\u00f3, sz\u00e9nsavas italok, amelyek k\u00e1v\u00e9 \u00e9s bor felhaszn\u00e1l\u00e1s\u00e1val k\u00e9sz\u00fclnek. A term\u00e9kek alkoholtartalm\u00faak, emiatt csak <strong>18 \u00e9ven fel\u00fcli<\/strong> szem\u00e9lyek r\u00e9sz\u00e9re \u00e9rt\u00e9kes\u00edthet\u0151k.<\/p><p><strong>3. Rendel\u00e9s menete<\/strong><\/p><p>A rendel\u00e9sek online, a drinkvid.me weboldalon kereszt\u00fcl adhat\u00f3k le. A v\u00e1s\u00e1rl\u00f3 a kiv\u00e1lasztott term\u00e9keket a kos\u00e1rba helyezi, majd a fizet\u00e9si folyamat sor\u00e1n megadja adatait \u00e9s kiv\u00e1lasztja a fizet\u00e9si m\u00f3dot.<\/p><p>A megrendel\u00e9s v\u00e9gleges\u00edt\u00e9se ut\u00e1n a rendszer automatikus visszaigazol\u00f3 e-mailt k\u00fcld.<\/p><p><strong>4. Fizet\u00e9si m\u00f3dok<\/strong><\/p><p>Jelenleg el\u00e9rhet\u0151 fizet\u00e9si m\u00f3dok:<\/p><ul class=\"wp-block-list\"><li>Online bankk\u00e1rty\u00e1s fizet\u00e9s (SimplePay rendszerrel)<br><\/li>\n\n<li>Banki \u00e1tutal\u00e1s (sz.sz\u00e1m: 12033007-01912959-00100007)<br>A sz\u00e1mla sorsz\u00e1m\u00e1t k\u00e9rj\u00fck t\u00fcntesse fel az utal\u00e1sn\u00e1l, miut\u00e1n megk\u00fcldt\u00fck e-mailben.<\/li><\/ul><p><strong>5. Sz\u00e1ll\u00edt\u00e1s felt\u00e9telei<\/strong><\/p><p>Sz\u00e1ll\u00edt\u00e1s kiz\u00e1r\u00f3lag <strong>Magyarorsz\u00e1g ter\u00fclet\u00e9re<\/strong> t\u00f6rt\u00e9nik. A kisz\u00e1ll\u00edt\u00e1s fut\u00e1rszolg\u00e1lattal t\u00f6rt\u00e9nik.<\/p><p>Sz\u00e1ll\u00edt\u00e1si id\u0151: K\u00e9szlett\u0151l f\u00fcgg\u0151en 2-5 munkanap. Egy\u00e9b esetben e-mailben 1-2 napon bel\u00fcl t\u00e1j\u00e9koztatjuk a v\u00e1s\u00e1rl\u00f3t.<br>&nbsp;<\/p><p>Sz\u00e1ll\u00edt\u00e1si d\u00edj (s\u00faly szerint):<\/p><p>Chill VID you<\/p><p>&nbsp;&#8211; 1130 Ft (packeta pontra)<br>&nbsp;&#8211; 990 Ft MPL csomagpont<br>&nbsp;&#8211; 1990 Ft (h\u00e1zn\u00e1l t\u00f6rt\u00e9n\u0151 k\u00e9zbes\u00edt\u00e9s)<br>&nbsp;&#8211; ingyenes (szem\u00e9lyes \u00e1tv\u00e9tel Egerben el\u0151re egyeztetve)<\/p><p>Piknik VID you<\/p><p>&nbsp;&#8211; 1130 Ft (packeta pontra)<br>&nbsp;&#8211; 990 Ft MPL csomagpont<br>&nbsp;&#8211; 1990 Ft (h\u00e1zn\u00e1l t\u00f6rt\u00e9n\u0151 k\u00e9zbes\u00edt\u00e9s)<br>&nbsp;&#8211; ingyenes (szem\u00e9lyes \u00e1tv\u00e9tel Egerben el\u0151re egyeztetve)<\/p><p>Party VID you<\/p><p>&#8211; 1905 Ft (packeta pontra)<br>&nbsp;&#8211; 990 Ft MPL csomagpont<br>&nbsp;&#8211; 1990 Ft (h\u00e1zn\u00e1l t\u00f6rt\u00e9n\u0151 k\u00e9zbes\u00edt\u00e9s)<br>&nbsp;&#8211; ingyenes (szem\u00e9lyes \u00e1tv\u00e9tel Egerben el\u0151re egyeztetve)<br>T\u00f6bb csomag rendel\u00e9se eset\u00e9n a sz\u00e1ll\u00edt\u00e1si d\u00edj a szolg\u00e1ltat\u00f3 szerint meghat\u00e1tozott m\u00e9rt\u00e9kben s\u00faly szerint n\u00f6vekszik.<\/p><p>Tov\u00e1bbi r\u00e9szletes sz\u00e1ll\u00edt\u00e1si d\u00edjak\u00e9rt l\u00e9pjen vel\u00fcnk kapcsolatba az <a href=\"mailto:info@drinkvid.me\">info@drinkvid.me<\/a> vagy a 06706087193-as telefonsz\u00e1mon.<\/p><p><strong>6. Sz\u00e1ml\u00e1z\u00e1s<\/strong><\/p><p>A v\u00e1s\u00e1rl\u00e1sr\u00f3l a webshop \u00fczemeltet\u0151je elektronikus sz\u00e1ml\u00e1t \u00e1ll\u00edt ki, melyet <strong>manu\u00e1lisan<\/strong> k\u00fcld el e-mailben a megrendel\u0151 r\u00e9sz\u00e9re.<\/p><p><strong>7. El\u00e1ll\u00e1si jog<\/strong><\/p><p>A fogyaszt\u00f3 az \u00e1tv\u00e9telt\u0151l sz\u00e1m\u00edtott 14 napon bel\u00fcl jogosult indokl\u00e1s n\u00e9lk\u00fcl el\u00e1llni a szerz\u0151d\u00e9st\u0151l. <strong>Fontos: a bontott \u00e9lelmiszer term\u00e9kekre (pl. felbontott italok) az el\u00e1ll\u00e1si jog nem vonatkozik.<\/strong><\/p><p>A visszak\u00fcld\u00e9s pontos c\u00edme: 3300 Eger Partos utca 3.<\/p><p><strong>8. Panaszkezel\u00e9s<\/strong><\/p><p>8:00-16:00-ig ezen a telefonsz\u00e1mon 06706087193 vagy&nbsp; e-mailben: info@drinkvid.me<\/p><p><strong>9. Egyebek<\/strong><\/p><p>A Web\u00e1ruh\u00e1z fenntartja a jogot az \u00c1SZF m\u00f3dos\u00edt\u00e1s\u00e1ra. A v\u00e1s\u00e1rl\u00e1s sor\u00e1n mindenkor a megrendel\u00e9s id\u0151pontj\u00e1ban hat\u00e1lyos \u00c1SZF az ir\u00e1nyad\u00f3.<\/p><p>A jelen \u00c1SZF elfogad\u00e1sa a megrendel\u00e9s lead\u00e1s\u00e1val j\u00f6n l\u00e9tre.<\/p>","protected":false},"excerpt":{"rendered":"<p>\u00c1ltal\u00e1nos Szerz\u0151d\u00e9si Felt\u00e9telek 1. Bevezet\u00e9s Jelen \u00c1ltal\u00e1nos Szerz\u0151d\u00e9si Felt\u00e9telek (a tov\u00e1bbiakban: \u00c1SZF) a DT Inception 2018 Kft. (sz\u00e9khely: 3397 Makl\u00e1r, Templom t\u00e9r 7., c\u00e9gjegyz\u00e9ksz\u00e1m: 10-09-040187, ad\u00f3sz\u00e1m: 32311945-2-10, k\u00f6z\u00f6ss\u00e9gi ad\u00f3sz\u00e1m: HU32311945, banksz\u00e1mlasz\u00e1m: 12033007-01912959-00100007) \u00e1ltal \u00fczemeltetett drinkvid.me web\u00e1ruh\u00e1z (a tov\u00e1bbiakban: Web\u00e1ruh\u00e1z) haszn\u00e1lat\u00e1ra, valamint az azon kereszt\u00fcl t\u00f6rt\u00e9n\u0151 v\u00e1s\u00e1rl\u00e1sokra vonatkoz\u00f3 felt\u00e9teleket tartalmazza. Kapcsolattart\u00e1si e-mail: info@drinkvid.meTelefonsz\u00e1m: +36 30 825 [&hellip;]<\/p>","protected":false},"author":3,"featured_media":0,"parent":0,"menu_order":0,"comment_status":"closed","ping_status":"closed","template":"","meta":{"_acf_changed":false,"footnotes":""},"class_list":["post-2832","page","type-page","status-publish","hentry"],"acf":[],"yoast_head":"<!-- This site is optimized with the Yoast SEO plugin v23.9 - https:\/\/yoast.com\/wordpress\/plugins\/seo\/ -->\n<title>\u00c1SZF | VID<\/title>\n<meta name=\"description\" content=\"\u00c1ltal\u00e1nos Szerz\u0151d\u00e9si Felt\u00e9telek 1. Bevezet\u00e9s Jelen \u00c1ltal\u00e1nos Szerz\u0151d\u00e9si Felt\u00e9telek (a tov\u00e1bbiakban: \u00c1SZF) a DT Inception 2018 Kft. (sz\u00e9khely: 3397 Makl\u00e1r,\" \/>\n<meta name=\"robots\" content=\"index, follow, max-snippet:-1, max-image-preview:large, max-video-preview:-1\" \/>\n<link rel=\"canonical\" href=\"https:\/\/drinkvid.me\/en\/aszff\/\" \/>\n<meta property=\"og:locale\" content=\"en_US\" \/>\n<meta property=\"og:type\" content=\"article\" \/>\n<meta property=\"og:title\" content=\"\u00c1SZF | VID\" \/>\n<meta property=\"og:description\" content=\"\u00c1ltal\u00e1nos Szerz\u0151d\u00e9si Felt\u00e9telek 1. Bevezet\u00e9s Jelen \u00c1ltal\u00e1nos Szerz\u0151d\u00e9si Felt\u00e9telek (a tov\u00e1bbiakban: \u00c1SZF) a DT Inception 2018 Kft. (sz\u00e9khely: 3397 Makl\u00e1r,\" \/>\n<meta property=\"og:url\" content=\"https:\/\/drinkvid.me\/en\/aszff\/\" \/>\n<meta property=\"og:site_name\" content=\"VID\" \/>\n<meta property=\"article:publisher\" content=\"https:\/\/www.facebook.com\/lifeisbetterVIDyou\/\" \/>\n<meta property=\"og:image\" content=\"https:\/\/drinkvid.me\/wp-content\/uploads\/2024\/10\/DSC08785-scaled.webp\" \/>\n\t<meta property=\"og:image:width\" content=\"1920\" \/>\n\t<meta property=\"og:image:height\" content=\"1280\" \/>\n\t<meta property=\"og:image:type\" content=\"image\/webp\" \/>\n<meta name=\"twitter:card\" content=\"summary_large_image\" \/>\n<meta name=\"twitter:label1\" content=\"Est. reading time\" \/>\n\t<meta name=\"twitter:data1\" content=\"3 minutes\" \/>\n<script type=\"application\/ld+json\" class=\"yoast-schema-graph\">{\"@context\":\"https:\/\/schema.org\",\"@graph\":[{\"@type\":\"WebPage\",\"@id\":\"https:\/\/drinkvid.me\/aszff\/\",\"url\":\"https:\/\/drinkvid.me\/aszff\/\",\"name\":\"\u00c1SZF | VID\",\"isPartOf\":{\"@id\":\"https:\/\/drinkvid.me\/#website\"},\"datePublished\":\"2025-05-12T12:46:23+00:00\",\"dateModified\":\"2025-05-12T12:46:23+00:00\",\"description\":\"\u00c1ltal\u00e1nos Szerz\u0151d\u00e9si Felt\u00e9telek 1. Bevezet\u00e9s Jelen \u00c1ltal\u00e1nos Szerz\u0151d\u00e9si Felt\u00e9telek (a tov\u00e1bbiakban: \u00c1SZF) a DT Inception 2018 Kft. (sz\u00e9khely: 3397 Makl\u00e1r,\",\"breadcrumb\":{\"@id\":\"https:\/\/drinkvid.me\/aszff\/#breadcrumb\"},\"inLanguage\":\"en-US\",\"potentialAction\":[{\"@type\":\"ReadAction\",\"target\":[\"https:\/\/drinkvid.me\/aszff\/\"]}]},{\"@type\":\"BreadcrumbList\",\"@id\":\"https:\/\/drinkvid.me\/aszff\/#breadcrumb\",\"itemListElement\":[{\"@type\":\"ListItem\",\"position\":1,\"name\":\"Kezd\u0151lap\",\"item\":\"https:\/\/drinkvid.me\/\"},{\"@type\":\"ListItem\",\"position\":2,\"name\":\"\u00c1SZF\"}]},{\"@type\":\"WebSite\",\"@id\":\"https:\/\/drinkvid.me\/#website\",\"url\":\"https:\/\/drinkvid.me\/\",\"name\":\"VID\",\"description\":\"A vil&aacute;g els\u0151 k&aacute;v&eacute; &eacute;s bor felhaszn&aacute;l&aacute;s&aacute;val k&eacute;sz&uuml;lt sz&eacute;nsavval d&uacute;s&iacute;tott itala.\",\"publisher\":{\"@id\":\"https:\/\/drinkvid.me\/#organization\"},\"potentialAction\":[{\"@type\":\"SearchAction\",\"target\":{\"@type\":\"EntryPoint\",\"urlTemplate\":\"https:\/\/drinkvid.me\/?s={search_term_string}\"},\"query-input\":{\"@type\":\"PropertyValueSpecification\",\"valueRequired\":true,\"valueName\":\"search_term_string\"}}],\"inLanguage\":\"en-US\"},{\"@type\":\"Organization\",\"@id\":\"https:\/\/drinkvid.me\/#organization\",\"name\":\"VID\",\"url\":\"https:\/\/drinkvid.me\/\",\"logo\":{\"@type\":\"ImageObject\",\"inLanguage\":\"en-US\",\"@id\":\"https:\/\/drinkvid.me\/#\/schema\/logo\/image\/\",\"url\":\"https:\/\/drinkvid.me\/wp-content\/uploads\/2024\/11\/vid-favicon.png\",\"contentUrl\":\"https:\/\/drinkvid.me\/wp-content\/uploads\/2024\/11\/vid-favicon.png\",\"width\":512,\"height\":512,\"caption\":\"VID\"},\"image\":{\"@id\":\"https:\/\/drinkvid.me\/#\/schema\/logo\/image\/\"},\"sameAs\":[\"https:\/\/www.facebook.com\/lifeisbetterVIDyou\/\",\"https:\/\/www.instagram.com\/vid_official_page\/\",\"https:\/\/www.tiktok.com\/@lifeisbettervidyou\"]}]}<\/script>\n<!-- \/ Yoast SEO plugin. -->","yoast_head_json":{"title":"\u00c1SZF | VID","description":"\u00c1ltal\u00e1nos Szerz\u0151d\u00e9si Felt\u00e9telek 1. Bevezet\u00e9s Jelen \u00c1ltal\u00e1nos Szerz\u0151d\u00e9si Felt\u00e9telek (a tov\u00e1bbiakban: \u00c1SZF) a DT Inception 2018 Kft. (sz\u00e9khely: 3397 Makl\u00e1r,","robots":{"index":"index","follow":"follow","max-snippet":"max-snippet:-1","max-image-preview":"max-image-preview:large","max-video-preview":"max-video-preview:-1"},"canonical":"https:\/\/drinkvid.me\/en\/aszff\/","og_locale":"en_US","og_type":"article","og_title":"\u00c1SZF | VID","og_description":"\u00c1ltal\u00e1nos Szerz\u0151d\u00e9si Felt\u00e9telek 1. Bevezet\u00e9s Jelen \u00c1ltal\u00e1nos Szerz\u0151d\u00e9si Felt\u00e9telek (a tov\u00e1bbiakban: \u00c1SZF) a DT Inception 2018 Kft. (sz\u00e9khely: 3397 Makl\u00e1r,","og_url":"https:\/\/drinkvid.me\/en\/aszff\/","og_site_name":"VID","article_publisher":"https:\/\/www.facebook.com\/lifeisbetterVIDyou\/","og_image":[{"width":1920,"height":1280,"url":"https:\/\/drinkvid.me\/wp-content\/uploads\/2024\/10\/DSC08785-scaled.webp","type":"image\/webp"}],"twitter_card":"summary_large_image","twitter_misc":{"Est. reading time":"3 minutes"},"schema":{"@context":"https:\/\/schema.org","@graph":[{"@type":"WebPage","@id":"https:\/\/drinkvid.me\/aszff\/","url":"https:\/\/drinkvid.me\/aszff\/","name":"\u00c1SZF | VID","isPartOf":{"@id":"https:\/\/drinkvid.me\/#website"},"datePublished":"2025-05-12T12:46:23+00:00","dateModified":"2025-05-12T12:46:23+00:00","description":"\u00c1ltal\u00e1nos Szerz\u0151d\u00e9si Felt\u00e9telek 1. Bevezet\u00e9s Jelen \u00c1ltal\u00e1nos Szerz\u0151d\u00e9si Felt\u00e9telek (a tov\u00e1bbiakban: \u00c1SZF) a DT Inception 2018 Kft. (sz\u00e9khely: 3397 Makl\u00e1r,","breadcrumb":{"@id":"https:\/\/drinkvid.me\/aszff\/#breadcrumb"},"inLanguage":"en-US","potentialAction":[{"@type":"ReadAction","target":["https:\/\/drinkvid.me\/aszff\/"]}]},{"@type":"BreadcrumbList","@id":"https:\/\/drinkvid.me\/aszff\/#breadcrumb","itemListElement":[{"@type":"ListItem","position":1,"name":"Kezd\u0151lap","item":"https:\/\/drinkvid.me\/"},{"@type":"ListItem","position":2,"name":"\u00c1SZF"}]},{"@type":"WebSite","@id":"https:\/\/drinkvid.me\/#website","url":"https:\/\/drinkvid.me\/","name":"VID","description":"A vil&aacute;g els\u0151 k&aacute;v&eacute; &eacute;s bor felhaszn&aacute;l&aacute;s&aacute;val k&eacute;sz&uuml;lt sz&eacute;nsavval d&uacute;s&iacute;tott itala.","publisher":{"@id":"https:\/\/drinkvid.me\/#organization"},"potentialAction":[{"@type":"SearchAction","target":{"@type":"EntryPoint","urlTemplate":"https:\/\/drinkvid.me\/?s={search_term_string}"},"query-input":{"@type":"PropertyValueSpecification","valueRequired":true,"valueName":"search_term_string"}}],"inLanguage":"en-US"},{"@type":"Organization","@id":"https:\/\/drinkvid.me\/#organization","name":"VID","url":"https:\/\/drinkvid.me\/","logo":{"@type":"ImageObject","inLanguage":"en-US","@id":"https:\/\/drinkvid.me\/#\/schema\/logo\/image\/","url":"https:\/\/drinkvid.me\/wp-content\/uploads\/2024\/11\/vid-favicon.png","contentUrl":"https:\/\/drinkvid.me\/wp-content\/uploads\/2024\/11\/vid-favicon.png","width":512,"height":512,"caption":"VID"},"image":{"@id":"https:\/\/drinkvid.me\/#\/schema\/logo\/image\/"},"sameAs":["https:\/\/www.facebook.com\/lifeisbetterVIDyou\/","https:\/\/www.instagram.com\/vid_official_page\/","https:\/\/www.tiktok.com\/@lifeisbettervidyou"]}]}},"_links":{"self":[{"href":"https:\/\/drinkvid.me\/en\/wp-json\/wp\/v2\/pages\/2832","targetHints":{"allow":["GET"]}}],"collection":[{"href":"https:\/\/drinkvid.me\/en\/wp-json\/wp\/v2\/pages"}],"about":[{"href":"https:\/\/drinkvid.me\/en\/wp-json\/wp\/v2\/types\/page"}],"author":[{"embeddable":true,"href":"https:\/\/drinkvid.me\/en\/wp-json\/wp\/v2\/users\/3"}],"replies":[{"embeddable":true,"href":"https:\/\/drinkvid.me\/en\/wp-json\/wp\/v2\/comments?post=2832"}],"version-history":[{"count":1,"href":"https:\/\/drinkvid.me\/en\/wp-json\/wp\/v2\/pages\/2832\/revisions"}],"predecessor-version":[{"id":2833,"href":"https:\/\/drinkvid.me\/en\/wp-json\/wp\/v2\/pages\/2832\/revisions\/2833"}],"wp:attachment":[{"href":"https:\/\/drinkvid.me\/en\/wp-json\/wp\/v2\/media?parent=2832"}],"curies":[{"name":"wp","href":"https:\/\/api.w.org\/{rel}","templated":true}]}}